{"id":66,"date":"2015-12-08T12:39:07","date_gmt":"2015-12-08T11:39:07","guid":{"rendered":"http:\/\/www.inurath.com\/kickkickwordpress\/?page_id=66"},"modified":"2020-11-11T13:31:58","modified_gmt":"2020-11-11T12:31:58","slug":"impressum","status":"publish","type":"page","link":"https:\/\/www.inurath.com\/kick\/impressum\/","title":{"rendered":"Impressum"},"content":{"rendered":"<p>Impressum<br \/>\nInhalt der Website<\/p>\n<p>Ina Auderieth<br \/>\nIrrt\u00fcmer und \u00c4nderungen vorbehalten<br \/>\nF\u00fcr den Inhalt verantwortlich, Copyright<\/p>\n<p>Carina Ryba<br \/>\nHaberergasse 4<br \/>\n1220 Wien<br \/>\nina.auderieth@inurath.com<\/p>\n<p>Die auf dieser Internetseite enthaltenen Werke, Texte, Fotos, Grafiken und Inhalte unterstehen dem Urheberrecht. Ohne schriftliche Genehmigung d\u00fcrfen die Werke bzw. Inhalte nicht vervielf\u00e4ltigt, bearbeitet, verbreitet und verwertet werden.<br \/>\nDas Herunterladen und Kopieren von Bildern ist f\u00fcr den privaten Gebrauch erlaubt, nicht jedoch f\u00fcr den kommerziellen.<br \/>\nWir weisen darauf hin, dass hinsichtlich der Inhalte, soweit sie nicht von uns erstellt worden sind, das Urheberrecht von Dritten beachtet wurde.<\/p>\n<p>Diese Website enth\u00e4lt unter anderem auch Links zu externen Websites. Auf die Inhalte dieser externen Seiten haben wir keine Einflussm\u00f6glichkeiten. Es ist uns daher nicht m\u00f6glich, eine Gew\u00e4hr f\u00fcr diese Inhalte zu \u00fcbernehmen. Die Verantwortung daf\u00fcr hat immer der jeweilige Betreiber der entsprechenden Internetseiten.<\/p>\n","protected":false},"excerpt":{"rendered":"<p>Impressum Inhalt der Website Ina Auderieth Irrt\u00fcmer und \u00c4nderungen vorbehalten F\u00fcr den Inhalt verantwortlich, Copyright Carina Ryba Haberergasse 4 1220 Wien ina.auderieth@inurath.com Die auf dieser Internetseite enthaltenen Werke, Texte, Fotos, Grafiken und Inhalte unterstehen dem Urheberrecht. Ohne schriftliche Genehmigung d\u00fcrfen die Werke bzw. Inhalte nicht vervielf\u00e4ltigt, bearbeitet, verbreitet und verwertet werden. Das Herunterladen und Kopieren [&hellip;]<\/p>\n","protected":false},"author":41,"featured_media":0,"parent":0,"menu_order":0,"comment_status":"closed","ping_status":"closed","template":"","meta":{"_monsterinsights_skip_tracking":false,"_monsterinsights_sitenote_active":false,"_monsterinsights_sitenote_note":"","_monsterinsights_sitenote_category":0,"site-sidebar-layout":"default","site-content-layout":"default","ast-site-content-layout":"default","site-content-style":"default","site-sidebar-style":"default","ast-global-header-display":"","ast-banner-title-visibility":"","ast-main-header-display":"","ast-hfb-above-header-display":"","ast-hfb-below-header-display":"","ast-hfb-mobile-header-display":"","site-post-title":"","ast-breadcrumbs-content":"","ast-featured-img":"","footer-sml-layout":"","ast-disable-related-posts":"","theme-transparent-header-meta":"default","adv-header-id-meta":"","stick-header-meta":"default","header-above-stick-meta":"","header-main-stick-meta":"","header-below-stick-meta":"","astra-migrate-meta-layouts":"default","ast-page-background-enabled":"default","ast-page-background-meta":{"desktop":{"background-color":"","background-image":"","background-repeat":"repeat","background-position":"center center","background-size":"auto","background-attachment":"scroll","background-type":"","background-media":"","overlay-type":"","overlay-color":"","overlay-opacity":"","overlay-gradient":""},"tablet":{"background-color":"","background-image":"","background-repeat":"repeat","background-position":"center center","background-size":"auto","background-attachment":"scroll","background-type":"","background-media":"","overlay-type":"","overlay-color":"","overlay-opacity":"","overlay-gradient":""},"mobile":{"background-color":"","background-image":"","background-repeat":"repeat","background-position":"center center","background-size":"auto","background-attachment":"scroll","background-type":"","background-media":"","overlay-type":"","overlay-color":"","overlay-opacity":"","overlay-gradient":""}},"ast-content-background-meta":{"desktop":{"background-color":"var(--ast-global-color-5)","background-image":"","background-repeat":"repeat","background-position":"center center","background-size":"auto","background-attachment":"scroll","background-type":"","background-media":"","overlay-type":"","overlay-color":"","overlay-opacity":"","overlay-gradient":""},"tablet":{"background-color":"var(--ast-global-color-5)","background-image":"","background-repeat":"repeat","background-position":"center center","background-size":"auto","background-attachment":"scroll","background-type":"","background-media":"","overlay-type":"","overlay-color":"","overlay-opacity":"","overlay-gradient":""},"mobile":{"background-color":"var(--ast-global-color-5)","background-image":"","background-repeat":"repeat","background-position":"center center","background-size":"auto","background-attachment":"scroll","background-type":"","background-media":"","overlay-type":"","overlay-color":"","overlay-opacity":"","overlay-gradient":""}},"footnotes":""},"class_list":["post-66","page","type-page","status-publish","hentry"],"_links":{"self":[{"href":"https:\/\/www.inurath.com\/kick\/wp-json\/wp\/v2\/pages\/66","targetHints":{"allow":["GET"]}}],"collection":[{"href":"https:\/\/www.inurath.com\/kick\/wp-json\/wp\/v2\/pages"}],"about":[{"href":"https:\/\/www.inurath.com\/kick\/wp-json\/wp\/v2\/types\/page"}],"author":[{"embeddable":true,"href":"https:\/\/www.inurath.com\/kick\/wp-json\/wp\/v2\/users\/41"}],"replies":[{"embeddable":true,"href":"https:\/\/www.inurath.com\/kick\/wp-json\/wp\/v2\/comments?post=66"}],"version-history":[{"count":6,"href":"https:\/\/www.inurath.com\/kick\/wp-json\/wp\/v2\/pages\/66\/revisions"}],"predecessor-version":[{"id":9746,"href":"https:\/\/www.inurath.com\/kick\/wp-json\/wp\/v2\/pages\/66\/revisions\/9746"}],"wp:attachment":[{"href":"https:\/\/www.inurath.com\/kick\/wp-json\/wp\/v2\/media?parent=66"}],"curies":[{"name":"wp","href":"https:\/\/api.w.org\/{rel}","templated":true}]}}